{"id":12,"date":"2015-10-14T20:43:00","date_gmt":"2015-10-14T20:43:00","guid":{"rendered":"http:\/\/wojciechszepel.com\/?page_id=12"},"modified":"2016-02-04T22:42:53","modified_gmt":"2016-02-04T22:42:53","slug":"awards","status":"publish","type":"page","link":"https:\/\/wojciechszepel.com\/pl\/awards\/","title":{"rendered":"nagrody"},"content":{"rendered":"<p><\/p>\n<div class=\"site-awards\">\n<h2>Nagrody i nominacje<\/h2>\n<p>2012 <strong>Nominacja do ASC Award<\/strong> za \u201cAny Human Heart\u201d<\/p>\n<p>2011 <strong>Nominacja do BAFTA<\/strong> za \u201cAny Human Heart\u201d<\/p>\n<p>2009 <strong>Nominacja do BAFTA<\/strong> za \u201cWhite Girl\u201d<\/p>\n<p>2008 <strong>RTF Craft&#038;Design Award: Nominacja<\/strong> za \u201cWhite Girl\u201d<\/p>\n<p>2008 <strong>RTF Craft&#038;Design Award: Nominacja<\/strong> za \u201cTess of the D\u2019Ubervilles\u201d<\/p>\n<p>2003 <strong>Nagrodzony na XIV British Film Festival w Dinard<\/strong> za \u201cPoca\u0142unek \u017cycia \u201d <\/p>\n<p>1999 <strong>Wyr\u00f3\u017cnienie na Festiwalu Film\u00f3w Dokumentalnych w Krakowie<\/strong> za \u201cKonw\u00f3j\u201d<\/p>\n<\/div>\n<p><\/p>","protected":false},"excerpt":{"rendered":"<p>Nagrody i nominacje 2012 Nominacja do ASC Award za \u201cAny Human Heart\u201d 2011 Nominacja do BAFTA za \u201cAny Human Heart\u201d 2009 Nominacja do BAFTA za \u201cWhite Girl\u201d 2008 RTF Craft&#038;Design Award: Nominacja za \u201cWhite Girl\u201d 2008 RTF Craft&#038;Design Award: Nominacja za \u201cTess of the D\u2019Ubervilles\u201d 2003 Nagrodzony na XIV British Film Festival w Dinard za &hellip;<\/p>\n","protected":false},"author":1,"featured_media":0,"parent":0,"menu_order":0,"comment_status":"closed","ping_status":"closed","template":"","meta":{"footnotes":""},"_links":{"self":[{"href":"https:\/\/wojciechszepel.com\/pl\/wp-json\/wp\/v2\/pages\/12"}],"collection":[{"href":"https:\/\/wojciechszepel.com\/pl\/wp-json\/wp\/v2\/pages"}],"about":[{"href":"https:\/\/wojciechszepel.com\/pl\/wp-json\/wp\/v2\/types\/page"}],"author":[{"embeddable":true,"href":"https:\/\/wojciechszepel.com\/pl\/wp-json\/wp\/v2\/users\/1"}],"replies":[{"embeddable":true,"href":"https:\/\/wojciechszepel.com\/pl\/wp-json\/wp\/v2\/comments?post=12"}],"version-history":[{"count":17,"href":"https:\/\/wojciechszepel.com\/pl\/wp-json\/wp\/v2\/pages\/12\/revisions"}],"predecessor-version":[{"id":240,"href":"https:\/\/wojciechszepel.com\/pl\/wp-json\/wp\/v2\/pages\/12\/revisions\/240"}],"wp:attachment":[{"href":"https:\/\/wojciechszepel.com\/pl\/wp-json\/wp\/v2\/media?parent=12"}],"curies":[{"name":"wp","href":"https:\/\/api.w.org\/{rel}","templated":true}]}}