{"id":10,"date":"2015-10-14T20:42:49","date_gmt":"2015-10-14T20:42:49","guid":{"rendered":"http:\/\/wojciechszepel.com\/?page_id=10"},"modified":"2016-03-04T14:21:55","modified_gmt":"2016-03-04T14:21:55","slug":"biography","status":"publish","type":"page","link":"https:\/\/wojciechszepel.com\/pl\/biography\/","title":{"rendered":"Biografia"},"content":{"rendered":"<p><\/p>\n<div class=\"site-biography\">\n<h2>Biografia<\/h2>\n<p><strong>Miejsce urodzenia<\/strong>: Polska.<\/p>\n<p><strong>J\u0119zyki<\/strong>: Polski (ojczysty), Angielski (bieg\u0142y), Niemiecki (podstawowy).<\/p>\n<p><strong>Edukacja<\/strong>: Pa\u0144stwowa Wy\u017csza Szko\u0142a Filmowa, Telewizyjna i Teatralna w \u0141odzi.<\/p>\n<p>Cz\u0142onek Stowarzyszenia Autor\u00f3w Zdj\u0119\u0107 Filmowych (PSC).<\/p>","protected":false},"excerpt":{"rendered":"<p>Biografia Miejsce urodzenia: Polska. J\u0119zyki: Polski (ojczysty), Angielski (bieg\u0142y), Niemiecki (podstawowy). Edukacja: Pa\u0144stwowa Wy\u017csza Szko\u0142a Filmowa, Telewizyjna i Teatralna w \u0141odzi. Cz\u0142onek Stowarzyszenia Autor\u00f3w Zdj\u0119\u0107 Filmowych (PSC).<\/p>\n","protected":false},"author":1,"featured_media":0,"parent":0,"menu_order":0,"comment_status":"closed","ping_status":"closed","template":"","meta":{"footnotes":""},"_links":{"self":[{"href":"https:\/\/wojciechszepel.com\/pl\/wp-json\/wp\/v2\/pages\/10"}],"collection":[{"href":"https:\/\/wojciechszepel.com\/pl\/wp-json\/wp\/v2\/pages"}],"about":[{"href":"https:\/\/wojciechszepel.com\/pl\/wp-json\/wp\/v2\/types\/page"}],"author":[{"embeddable":true,"href":"https:\/\/wojciechszepel.com\/pl\/wp-json\/wp\/v2\/users\/1"}],"replies":[{"embeddable":true,"href":"https:\/\/wojciechszepel.com\/pl\/wp-json\/wp\/v2\/comments?post=10"}],"version-history":[{"count":11,"href":"https:\/\/wojciechszepel.com\/pl\/wp-json\/wp\/v2\/pages\/10\/revisions"}],"predecessor-version":[{"id":345,"href":"https:\/\/wojciechszepel.com\/pl\/wp-json\/wp\/v2\/pages\/10\/revisions\/345"}],"wp:attachment":[{"href":"https:\/\/wojciechszepel.com\/pl\/wp-json\/wp\/v2\/media?parent=10"}],"curies":[{"name":"wp","href":"https:\/\/api.w.org\/{rel}","templated":true}]}}